{"id":333,"date":"2017-10-31T16:04:19","date_gmt":"2017-10-31T20:04:19","guid":{"rendered":"http:\/\/nouveau.leadership3a.com\/?page_id=333"},"modified":"2026-05-01T16:27:34","modified_gmt":"2026-05-01T20:27:34","slug":"sessions-publiques","status":"publish","type":"page","link":"https:\/\/www.leadership3a.com\/en\/sessions-publiques\/","title":{"rendered":"Public Workshops"},"content":{"rendered":"<div id=\"pl-333\"  class=\"panel-layout\" ><div id=\"pg-333-0\"  class=\"panel-grid panel-no-style\" ><div id=\"pgc-333-0-0\"  class=\"panel-grid-cell\" ><div id=\"panel-333-0-0-0\" class=\"so-panel widget widget_sow-editor panel-first-child panel-last-child\" data-index=\"0\" ><div\n\t\t\t\n\t\t\tclass=\"so-widget-sow-editor so-widget-sow-editor-base\"\n\t\t\t\n\t\t>\n<div class=\"siteorigin-widget-tinymce textwidget\">\n\t<h1>SESSIONS PUBLIQUES<\/h1>\n<h2><strong>Une formation 3A, SANS CR\u00c9ER UN GROUPE \u00c0 L'INTERNE? C\u2019est possible!<\/strong><\/h2>\n<p>Nos formations sont habituellement offertes en entreprise pour des groupes de gestionnaires \u00e0 l'interne. Mais une \u00e0 deux fois par ann\u00e9e, nous ouvrons <strong>des sessions publiques<\/strong> : des formations accessibles \u00e0 tous, o\u00f9 les inscriptions individuelles et par petits groupes sont possibles.<\/p>\n<p>C\u2019est l\u2019occasion id\u00e9ale pour les petites entreprises, les gestionnaires autonomes et les curieux du Leadership 3A de vivre l\u2019exp\u00e9rience compl\u00e8te, sans attendre qu\u2019un groupe se forme dans leur entreprise.<\/p>\n<p><em>Nous sommes agr\u00e9\u00e9s pour la formation de la main-d'oeuvre\u00a0par la Commission des partenaires du march\u00e9 du travail.<\/em><\/p>\n<p>&nbsp;<\/p>\n<h3><strong>Nos prochaines formations publiques annonc\u00e9es :<br \/>\n<\/strong><\/h3>\n<\/div>\n<\/div><\/div><\/div><\/div><div id=\"pg-333-1\"  class=\"panel-grid panel-no-style\" ><div id=\"pgc-333-1-0\"  class=\"panel-grid-cell\" ><div id=\"panel-333-1-0-0\" class=\"so-panel widget widget_sow-editor panel-first-child panel-last-child\" data-index=\"1\" ><div\n\t\t\t\n\t\t\tclass=\"so-widget-sow-editor so-widget-sow-editor-base\"\n\t\t\t\n\t\t>\n<div class=\"siteorigin-widget-tinymce textwidget\">\n\t<table style=\"font-size: 1em;\">\n<tbody>\n<tr>\n<td style=\"text-align: center;\"><strong><span style=\"color: #808080;\">NIVEAU 2 :<br \/>\n27-28 mai 2026<\/span><\/strong><\/td>\n<td>\n<h3 style=\"text-align: center;\"><a href=\"https:\/\/www.leadership3a.com\/sessions-publiques\/#sessionpublique2\"><button style=\"background-color: #22b9e3; border: none; color: white; padding: 15px 20px; text-align: center; text-decoration: none; display: inline-block; font-size: 12px; margin: 4px 2px; cursor: pointer;\">d\u00e9tails<\/button><\/a><\/h3>\n<\/td>\n<\/tr>\n<\/tbody>\n<\/table>\n<\/div>\n<\/div><\/div><\/div><div id=\"pgc-333-1-1\"  class=\"panel-grid-cell\" ><div id=\"panel-333-1-1-0\" class=\"so-panel widget widget_sow-editor panel-first-child panel-last-child\" data-index=\"2\" ><div\n\t\t\t\n\t\t\tclass=\"so-widget-sow-editor so-widget-sow-editor-base\"\n\t\t\t\n\t\t>\n<div class=\"siteorigin-widget-tinymce textwidget\">\n\t<table>\n<tbody>\n<tr>\n<td style=\"text-align: center;\"><strong><span style=\"color: #808080;\">NIVEAU 1 :<br \/>\n25-26 novembre 2026<\/span><\/strong><\/td>\n<td>\n<h3 style=\"text-align: center;\"><a href=\"https:\/\/www.leadership3a.com\/sessions-publiques\/#sessionpublique1\"><button style=\"background-color: #22b9e3; border: none; color: white; padding: 15px 20px; text-align: center; text-decoration: none; display: inline-block; font-size: 12px; margin: 4px 2px; cursor: pointer;\">d\u00e9tails<\/button><\/a><\/h3>\n<\/td>\n<\/tr>\n<\/tbody>\n<\/table>\n<\/div>\n<\/div><\/div><\/div><\/div><div id=\"pg-333-2\"  class=\"panel-grid panel-no-style\" ><div id=\"pgc-333-2-0\"  class=\"panel-grid-cell\" ><div id=\"panel-333-2-0-0\" class=\"so-panel widget widget_sow-editor panel-first-child\" data-index=\"3\" ><div\n\t\t\t\n\t\t\tclass=\"so-widget-sow-editor so-widget-sow-editor-base\"\n\t\t\t\n\t\t>\n<div class=\"siteorigin-widget-tinymce textwidget\">\n\t<p><strong>Vous \u00eates int\u00e9ress\u00e9(e)s mais aucune date n'est disponible?<\/strong><\/p>\n<ul>\n<li><a href=\"mailto:consulsource@leadership3a.com\">Laissez-nous vos coordonn\u00e9es<\/a> pour \u00eatre inform\u00e9(e) en priorit\u00e9 d\u00e8s que la prochaine session publique est annonc\u00e9e.<\/li>\n<li><a href=\"mailto:consulsource@leadership3a.com\">Discutons<\/a> de la possibilit\u00e9 d'organiser une formation dans votre entreprise.<\/li>\n<\/ul>\n<p><strong>Vous d\u00e9sirez vous inscrire \u00e0 une session publique de Leadership 3A en anglais?<\/strong> L'un de nos partenaires anglophone vous offre cette possibilit\u00e9. <a href=\"mailto:consulsource@leadership3a.com\">Contactez-nous<\/a> .<\/p>\n<\/div>\n<\/div><\/div><div id=\"panel-333-2-0-1\" class=\"so-panel widget widget_divider panel-last-child\" data-index=\"4\" ><div\n\t\t\t\n\t\t\tclass=\"so-widget-divider so-widget-divider-divider-style-d75171398898-333\"\n\t\t\t\n\t\t>\r\n\r\n\r\n\r\n<hr class=\"so-divider\" style=\"border-style:solid; border-width:0 0 2px 0; border-color:#ccc; margin-top: px; margin-bottom: px; \"><\/div><\/div><\/div><\/div><div id=\"pg-333-3\"  class=\"panel-grid panel-no-style\" ><div id=\"pgc-333-3-0\"  class=\"panel-grid-cell\" ><div id=\"panel-333-3-0-0\" class=\"so-panel widget widget_sow-editor panel-first-child panel-last-child\" data-index=\"5\" ><div class=\"panel-widget-style panel-widget-style-for-333-3-0-0\" ><div\n\t\t\t\n\t\t\tclass=\"so-widget-sow-editor so-widget-sow-editor-base\"\n\t\t\t\n\t\t>\n<div class=\"siteorigin-widget-tinymce textwidget\">\n\t<h3 id=\"sessionpublique1\"><span style=\"color: #333333;\">Programme Leadership 3A - Niveau 1\u00a0 :\u00a0 Comp\u00e9tences interactionnelles | L'individu<\/span><\/h3>\n<h1><span style=\"color: #369442;\"><span style=\"font-size: 1.3em;\">Les interactions 3A et le coaching 3A<\/span><\/span><\/h1>\n<h3><span style=\"color: #808080;\">Deux jours - 8h30 \u00e0 16h30 - En ligne<\/span><\/h3>\n<\/div>\n<\/div><\/div><\/div><\/div><\/div><div id=\"pg-333-4\"  class=\"panel-grid panel-no-style\" ><div id=\"pgc-333-4-0\"  class=\"panel-grid-cell\" ><div id=\"panel-333-4-0-0\" class=\"so-panel widget widget_sow-editor panel-first-child\" data-index=\"6\" ><div class=\"panel-widget-style panel-widget-style-for-333-4-0-0\" ><div\n\t\t\t\n\t\t\tclass=\"so-widget-sow-editor so-widget-sow-editor-base\"\n\t\t\t\n\t\t>\n<div class=\"siteorigin-widget-tinymce textwidget\">\n\t<p><span style=\"color: #013474;\"><strong>Une formation de deux jours concr\u00e8te et transformationnelle, sp\u00e9cialement con\u00e7ue pour les gestionnaires et les leaders qui souhaitent :<\/strong><\/span><\/p>\n<ul>\n<li>Am\u00e9liorer leur prise de d\u00e9cision.<\/li>\n<li>Mobiliser efficacement leur \u00e9quipe.<\/li>\n<li>Stimuler la performance individuelle, collective et organisationnelle.<\/li>\n<\/ul>\n<p><span style=\"color: #013474;\"><strong>Cette formation inclut: <\/strong><\/span><\/p>\n<ul>\n<li>Votre <em>Profil Leadership 3A<\/em> (questionnaire, rapport et rencontre de 1h).<\/li>\n<li><em>Deux journ\u00e9es de formation<\/em> immersives \u00e0 distance pour explorer les fondements du leadership selon la m\u00e9thode 3A et repartir avec des outils imm\u00e9diatement applicables dans votre quotidien professionnel.<\/li>\n<li>Un <em>coaching individuel de 1h<\/em>, \u00e0 distance.<\/li>\n<\/ul>\n<p><span style=\"color: #013474;\"><strong>Dates de la prochaine session publique :<\/strong><\/span><\/p>\n<ul>\n<li>25 et 26 novembre 2026, de 8h30 \u00e0 16h30<\/li>\n<\/ul>\n<p><span style=\"color: #013474;\"><strong>Format :<\/strong> <\/span>En ligne (sur Teams, en direct)<\/p>\n<p><span style=\"color: #013474;\"><strong>Cible :<\/strong> <\/span>Superviseurs, contrema\u00eetres, directeurs, chefs de projets, conseillers, coachs et partenaires d'affaire.\u00a0 Formateurs et coachs qui souhaitent augmenter leur impact de coaching avec les 3A.<\/p>\n<p><span style=\"color: #013474;\"><strong>Inscription ou information :<\/strong><\/span> <a href=\"mailto:g.meunier@leadership3a.com\">Genevi\u00e8ve Meunier <\/a>\u00a0ou 263 383-3526 .<\/p>\n<p>&nbsp;<\/p>\n<p>Places limit\u00e9es \u2013 inscrivez-vous d\u00e8s maintenant !<br \/>\nGroupe minimum de 5 participants. Maximum de 12 participants.<\/p>\n<\/div>\n<\/div><\/div><\/div><div id=\"panel-333-4-0-1\" class=\"so-panel widget widget_sow-image panel-last-child\" data-index=\"7\" ><div id=\"sessionpublique-v1\" class=\"panel-widget-style panel-widget-style-for-333-4-0-1\" ><div\n\t\t\t\n\t\t\tclass=\"so-widget-sow-image so-widget-sow-image-default-4e6925654b7a-333\"\n\t\t\t\n\t\t>\n<div class=\"sow-image-container\">\n\t\t<img \n\tsrc=\"https:\/\/www.leadership3a.com\/wp-content\/uploads\/2020\/06\/Formation-niveau1-768x281.png\" width=\"688\" height=\"252\" srcset=\"https:\/\/www.leadership3a.com\/wp-content\/uploads\/2020\/06\/Formation-niveau1-768x281.png 768w, https:\/\/www.leadership3a.com\/wp-content\/uploads\/2020\/06\/Formation-niveau1-300x110.png 300w, https:\/\/www.leadership3a.com\/wp-content\/uploads\/2020\/06\/Formation-niveau1-1024x375.png 1024w, https:\/\/www.leadership3a.com\/wp-content\/uploads\/2020\/06\/Formation-niveau1-1536x563.png 1536w, https:\/\/www.leadership3a.com\/wp-content\/uploads\/2020\/06\/Formation-niveau1-1600x586.png 1600w, https:\/\/www.leadership3a.com\/wp-content\/uploads\/2020\/06\/Formation-niveau1.png 1818w\" sizes=\"(max-width: 688px) 100vw, 688px\" alt=\"\" \t\tclass=\"so-widget-image\"\/>\n\t<\/div>\n\n<\/div><\/div><\/div><\/div><div id=\"pgc-333-4-1\"  class=\"panel-grid-cell\" ><div id=\"panel-333-4-1-0\" class=\"so-panel widget widget_sow-price-table panel-first-child\" data-index=\"8\" ><div\n\t\t\t\n\t\t\tclass=\"so-widget-sow-price-table so-widget-sow-price-table-atom-b488eec458f1-333\"\n\t\t\t\n\t\t>\n\n<div class=\"ow-pt-columns-atom\">\n\n\t\t\t<div class=\"ow-pt-column ow-pt-first ow-pt-last ow-pt-even\"\n\t\t\tstyle=\"width: 100%\">\n\t\t\t<div class=\"ow-pt-title\">\n\t\t\t\t25-26 novembre 2026\t\t\t\t\t\t\t<\/div>\n\n\t\t\t<div class=\"ow-pt-details\">\n\t\t\t\t<div class=\"ow-pt-price\">\n\t\t\t\t\t995$\t\t\t\t<\/div>\n\t\t\t\t\t\t\t\t<div class=\"ow-pt-per\">\/ personne<\/div>\n\t\t\t<\/div>\n\n\t\t\t\n\t\t\t<div class=\"ow-pt-features\">\n\t\t\t\t\t\t\t\t\t<div class=\"ow-pt-feature ow-pt-feature-even ow-pt-feature-index-0\" title=\"\">\n\n\t\t\t\t\t\t\t\t\t\t\t\t<div class=\"sow-feature-text\">\n\t\t\t\t\t\t\t<p>\n\t\t\t\t\t\t\t\t<small>995$ jusqu'au 26 octobre (tarif pr\u00e9f\u00e9rentiel). 1095$ apr\u00e8s le 26 octobre (tarif r\u00e9gulier). Taxes en sus.<\/small>\t\t\t\t\t\t\t<\/p>\n\t\t\t\t\t\t<\/div>\n\t\t\t\t\t<\/div>\n\t\t\t\t\t\t\t<\/div>\n\n\t\t\t\t\t\t\t<div class=\"ow-pt-button\">\n\t\t\t\t\t<a\n\t\t\t\t\t\thref=\"https:\/\/calendly.com\/leadership3a\/formation-en-ligne-leadership-3a-volet-1\"\n\t\t\t\t\t\tclass=\"ow-pt-link\" \t\t\t\t\t>Je m&#039;inscris!<\/a>\n\t\t\t\t<\/div>\n\t\t\t\t\t<\/div>\n\t\t<\/div>\n<\/div><\/div><div id=\"panel-333-4-1-1\" class=\"so-panel widget widget_origin_button\" data-index=\"9\" ><div class=\"origin-widget origin-widget-button origin-widget-button-simple-white align-center\"><a href=\"mailto:gmeunier@leadership3a.com\" \ntarget=\"_blank\" rel=\"noopener noreferrer\">\n\tJe veux plus d&#039;information<\/a>\n<\/div><\/div><div id=\"panel-333-4-1-2\" class=\"so-panel widget widget_block panel-last-child\" data-index=\"10\" ><small><small><i>Nous sommes agr\u00e9\u00e9s pour la formation de la main-d'oeuvre\u00a0par la Commission des partenaires du march\u00e9 du travail.<\/i><\/small><\/small><\/div><\/div><\/div><div id=\"pg-333-5\"  class=\"panel-grid panel-no-style\" ><div id=\"pgc-333-5-0\"  class=\"panel-grid-cell\" ><div id=\"panel-333-5-0-0\" class=\"so-panel widget widget_divider panel-first-child panel-last-child\" data-index=\"11\" ><div\n\t\t\t\n\t\t\tclass=\"so-widget-divider so-widget-divider-divider-style-d75171398898-333\"\n\t\t\t\n\t\t>\r\n\r\n\r\n\r\n<hr class=\"so-divider\" style=\"border-style:solid; border-width:0 0 2px 0; border-color:#ccc; margin-top: px; margin-bottom: px; \"><\/div><\/div><\/div><\/div><div id=\"pg-333-6\"  class=\"panel-grid panel-no-style\" ><div id=\"pgc-333-6-0\"  class=\"panel-grid-cell\" ><div id=\"panel-333-6-0-0\" class=\"so-panel widget widget_sow-editor panel-first-child panel-last-child\" data-index=\"12\" ><div class=\"panel-widget-style panel-widget-style-for-333-6-0-0\" ><div\n\t\t\t\n\t\t\tclass=\"so-widget-sow-editor so-widget-sow-editor-base\"\n\t\t\t\n\t\t>\n<div class=\"siteorigin-widget-tinymce textwidget\">\n\t<h3 id=\"sessionpublique2\"><span style=\"color: #333333;\">Programme Leadership 3A - Niveau 2\u00a0 :\u00a0 Comp\u00e9tences STRAT\u00c9GIQUES\u00a0 |\u00a0 L'\u00c9quipe<\/span><\/h3>\n<h1><span style=\"color: #369442;\"><span style=\"font-size: 1.3em;\">Les comp\u00e9tences strat\u00e9giques 3a<\/span><\/span><\/h1>\n<h3><span style=\"color: #808080;\">Deux jours - 8h30 \u00e0 16h30 - En ligne<\/span><\/h3>\n<\/div>\n<\/div><\/div><\/div><\/div><\/div><div id=\"pg-333-7\"  class=\"panel-grid panel-no-style\" ><div id=\"pgc-333-7-0\"  class=\"panel-grid-cell\" ><div id=\"panel-333-7-0-0\" class=\"so-panel widget widget_sow-editor panel-first-child\" data-index=\"13\" ><div class=\"panel-widget-style panel-widget-style-for-333-7-0-0\" ><div\n\t\t\t\n\t\t\tclass=\"so-widget-sow-editor so-widget-sow-editor-base\"\n\t\t\t\n\t\t>\n<div class=\"siteorigin-widget-tinymce textwidget\">\n\t<h5><span style=\"font-size: 1.5em; color: #333333;\">Renforcer les \u00e9quipes, diriger avec des m\u00e9thodes<\/span><\/h5>\n<p>&nbsp;<\/p>\n<p><strong>Vous utilisez vos 3A avec plaisir? D\u00e9veloppez maintenant votre agilit\u00e9 \u00e0 les utiliser pour agir sur les m\u00e9thodes et aupr\u00e8s des \u00e9quipes! Vous avez appris \u00e0 mobiliser Frank? Rencontrez maintenant l'ensemble de ses coll\u00e8gues et mobilisez l'\u00e9quipe!<\/strong><\/p>\n<p><span style=\"color: #013474;\">Une formation de deux jours concr\u00e8te et transformationnelle, sp\u00e9cialement con\u00e7ue pour les gestionnaires et les leaders qui ont d\u00e9j\u00e0 suivi la formation sur les comp\u00e9tences interactionnelles 3A et qui souhaitent :<\/span><\/p>\n<ul>\n<li>D\u00e9velopper un leadership d'\u00e9quipe;<\/li>\n<li>Influencer les m\u00e9thodes pour r\u00e9soudre les situations r\u00e9p\u00e9titives;<\/li>\n<li>Stimuler la performance d'\u00e9quipe.<\/li>\n<\/ul>\n<p><span style=\"color: #013474;\"><strong>Cette formation inclut: <\/strong><\/span><\/p>\n<ul>\n<li>Votre <em>Profil Leadership 3A<\/em> (questionnaire, rapport et rencontre de 1h)<\/li>\n<li><em>Deux journ\u00e9es immersives de formation<\/em> \u00e0 distance pour explorer les fondements du leadership selon la m\u00e9thode 3A et repartir avec des outils imm\u00e9diatement applicables dans votre quotidien professionnel.<\/li>\n<li><em>Un coaching individuel de 1h<\/em>, \u00e0 distance<\/li>\n<\/ul>\n<p><span style=\"color: #013474;\"><strong>Dates de la formation :<\/strong><\/span> 27 et 28 mai 2026, de 8h30 \u00e0 16h30<br \/>\n<strong><br \/>\n<span style=\"color: #013474;\">Format :<\/span><\/strong> En ligne (\u00e0 distance, en direct)<br \/>\n<strong><br \/>\n<span style=\"color: #013474;\">Pr\u00e9requis:<\/span> <\/strong>Avoir d\u00e9j\u00e0 suivi le niveau 1 : les comp\u00e9tences interactionnelles 3A \/ Coach 3A.<strong><br \/>\n<\/strong><strong><br \/>\n<span style=\"color: #013474;\">Cible :<\/span><\/strong> Superviseurs, contrema\u00eetres, directeurs, chefs de projets, conseillers, coachs et partenaires d'affaire.\u00a0 Formateurs et coachs qui souhaitent augmenter leur impact de coaching en utilisant les 9 dimensions du Leadership 3A.<\/p>\n<p><strong>Inscription ou information :<\/strong> <a>Genevi\u00e8ve Meunier <\/a>ou 263 383-3526.<\/p>\n<p>&nbsp;<\/p>\n<p>Places limit\u00e9es \u2013 inscrivez-vous d\u00e8s maintenant !<br \/>\nGroupe minimum de 5 participants. Maximum de 12 participants.<\/p>\n<\/div>\n<\/div><\/div><\/div><div id=\"panel-333-7-0-1\" class=\"so-panel widget widget_sow-image panel-last-child\" data-index=\"14\" ><div id=\"sessionpublique-v1\" class=\"panel-widget-style panel-widget-style-for-333-7-0-1\" ><div\n\t\t\t\n\t\t\tclass=\"so-widget-sow-image so-widget-sow-image-default-4e6925654b7a-333\"\n\t\t\t\n\t\t>\n<div class=\"sow-image-container\">\n\t\t<img \n\tsrc=\"https:\/\/www.leadership3a.com\/wp-content\/uploads\/2020\/06\/Formation-niveau2-e1744832916140-768x279.png\" width=\"688\" height=\"250\" srcset=\"https:\/\/www.leadership3a.com\/wp-content\/uploads\/2020\/06\/Formation-niveau2-e1744832916140-768x279.png 768w, https:\/\/www.leadership3a.com\/wp-content\/uploads\/2020\/06\/Formation-niveau2-e1744832916140-300x109.png 300w, https:\/\/www.leadership3a.com\/wp-content\/uploads\/2020\/06\/Formation-niveau2-e1744832916140-1024x372.png 1024w, https:\/\/www.leadership3a.com\/wp-content\/uploads\/2020\/06\/Formation-niveau2-e1744832916140-1536x558.png 1536w, https:\/\/www.leadership3a.com\/wp-content\/uploads\/2020\/06\/Formation-niveau2-e1744832916140-1600x581.png 1600w, https:\/\/www.leadership3a.com\/wp-content\/uploads\/2020\/06\/Formation-niveau2-e1744832916140.png 1818w\" sizes=\"(max-width: 688px) 100vw, 688px\" title=\"Formation-niveau2\" alt=\"\" \t\tclass=\"so-widget-image\"\/>\n\t<\/div>\n\n<\/div><\/div><\/div><\/div><div id=\"pgc-333-7-1\"  class=\"panel-grid-cell\" ><div id=\"panel-333-7-1-0\" class=\"so-panel widget widget_sow-price-table panel-first-child\" data-index=\"15\" ><div\n\t\t\t\n\t\t\tclass=\"so-widget-sow-price-table so-widget-sow-price-table-atom-b488eec458f1-333\"\n\t\t\t\n\t\t>\n\n<div class=\"ow-pt-columns-atom\">\n\n\t\t\t<div class=\"ow-pt-column ow-pt-first ow-pt-last ow-pt-even\"\n\t\t\tstyle=\"width: 100%\">\n\t\t\t<div class=\"ow-pt-title\">\n\t\t\t\t27-28 mai 2026\t\t\t\t\t\t\t<\/div>\n\n\t\t\t<div class=\"ow-pt-details\">\n\t\t\t\t<div class=\"ow-pt-price\">\n\t\t\t\t\t995$\t\t\t\t<\/div>\n\t\t\t\t\t\t\t\t<div class=\"ow-pt-per\">\/ personne<\/div>\n\t\t\t<\/div>\n\n\t\t\t\n\t\t\t<div class=\"ow-pt-features\">\n\t\t\t\t\t\t\t\t\t<div class=\"ow-pt-feature ow-pt-feature-even ow-pt-feature-index-0\" title=\"\">\n\n\t\t\t\t\t\t\t\t\t\t\t\t<div class=\"sow-feature-text\">\n\t\t\t\t\t\t\t<p>\n\t\t\t\t\t\t\t\t<small>995$ jusqu'au 11 mai (tarif pr\u00e9f\u00e9rentiel). 1095$ apr\u00e8s le 11 mai (tarif r\u00e9gulier). Taxes en sus.<\/small>\t\t\t\t\t\t\t<\/p>\n\t\t\t\t\t\t<\/div>\n\t\t\t\t\t<\/div>\n\t\t\t\t\t\t\t<\/div>\n\n\t\t\t\t\t\t\t<div class=\"ow-pt-button\">\n\t\t\t\t\t<a\n\t\t\t\t\t\thref=\"https:\/\/calendly.com\/leadership3a\/formation-en-ligne-leadership-3a-volet-2\"\n\t\t\t\t\t\tclass=\"ow-pt-link\" \t\t\t\t\t>Je m&#039;inscris!<\/a>\n\t\t\t\t<\/div>\n\t\t\t\t\t<\/div>\n\t\t<\/div>\n<\/div><\/div><div id=\"panel-333-7-1-1\" class=\"so-panel widget widget_origin_button\" data-index=\"16\" ><div class=\"origin-widget origin-widget-button origin-widget-button-simple-white align-center\"><a href=\"mailto:gmeunier@leadership3a.com\" \ntarget=\"_blank\" rel=\"noopener noreferrer\">\n\tJe veux plus d&#039;information<\/a>\n<\/div><\/div><div id=\"panel-333-7-1-2\" class=\"so-panel widget widget_block panel-last-child\" data-index=\"17\" ><small><small><i>Nous sommes agr\u00e9\u00e9s pour la formation de la main-d'oeuvre\u00a0par la Commission des partenaires du march\u00e9 du travail.<\/i><\/small><\/small><\/div><\/div><\/div><div id=\"pg-333-8\"  class=\"panel-grid panel-no-style\" ><div id=\"pgc-333-8-0\"  class=\"panel-grid-cell\" ><div id=\"panel-333-8-0-0\" class=\"so-panel widget widget_divider panel-first-child panel-last-child\" data-index=\"18\" ><div\n\t\t\t\n\t\t\tclass=\"so-widget-divider so-widget-divider-divider-style-d75171398898-333\"\n\t\t\t\n\t\t>\r\n\r\n\r\n\r\n<hr class=\"so-divider\" style=\"border-style:solid; border-width:0 0 2px 0; border-color:#ccc; margin-top: px; margin-bottom: px; \"><\/div><\/div><\/div><\/div><\/div>","protected":false},"excerpt":{"rendered":"<p>SESSIONS PUBLIQUES Une formation 3A, SANS CR\u00c9ER UN GROUPE \u00c0 L&#8217;INTERNE? C\u2019est possible! Nos formations sont habituellement offertes en entreprise&hellip;<\/p>\n","protected":false},"author":1,"featured_media":1077,"parent":0,"menu_order":0,"comment_status":"closed","ping_status":"closed","template":"","meta":{"footnotes":""},"class_list":["post-333","page","type-page","status-publish","has-post-thumbnail","hentry"],"_links":{"self":[{"href":"https:\/\/www.leadership3a.com\/en\/wp-json\/wp\/v2\/pages\/333","targetHints":{"allow":["GET"]}}],"collection":[{"href":"https:\/\/www.leadership3a.com\/en\/wp-json\/wp\/v2\/pages"}],"about":[{"href":"https:\/\/www.leadership3a.com\/en\/wp-json\/wp\/v2\/types\/page"}],"author":[{"embeddable":true,"href":"https:\/\/www.leadership3a.com\/en\/wp-json\/wp\/v2\/users\/1"}],"replies":[{"embeddable":true,"href":"https:\/\/www.leadership3a.com\/en\/wp-json\/wp\/v2\/comments?post=333"}],"version-history":[{"count":75,"href":"https:\/\/www.leadership3a.com\/en\/wp-json\/wp\/v2\/pages\/333\/revisions"}],"predecessor-version":[{"id":15574,"href":"https:\/\/www.leadership3a.com\/en\/wp-json\/wp\/v2\/pages\/333\/revisions\/15574"}],"wp:featuredmedia":[{"embeddable":true,"href":"https:\/\/www.leadership3a.com\/en\/wp-json\/wp\/v2\/media\/1077"}],"wp:attachment":[{"href":"https:\/\/www.leadership3a.com\/en\/wp-json\/wp\/v2\/media?parent=333"}],"curies":[{"name":"wp","href":"https:\/\/api.w.org\/{rel}","templated":true}]}}